{"id":391,"date":"2016-03-13T00:45:44","date_gmt":"2016-03-13T00:45:44","guid":{"rendered":"http:\/\/www.radire.com.ar\/quienes-somos\/?lang=pt-br"},"modified":"2016-05-12T02:36:31","modified_gmt":"2016-05-12T02:36:31","slug":"quienes-somos","status":"publish","type":"page","link":"https:\/\/www.radire.com.ar\/pt-br\/quienes-somos\/","title":{"rendered":"Qui\u00e9nes somos"},"content":{"rendered":"<p>[et_pb_section admin_label=&#8221;Secci\u00f3n&#8221; fullwidth=&#8221;on&#8221; specialty=&#8221;off&#8221; transparent_background=&#8221;off&#8221; allow_player_pause=&#8221;off&#8221; inner_shadow=&#8221;off&#8221; parallax=&#8221;off&#8221; parallax_method=&#8221;off&#8221; custom_padding=&#8221;0px||0px|&#8221; padding_mobile=&#8221;on&#8221; make_fullwidth=&#8221;off&#8221; use_custom_width=&#8221;off&#8221; width_unit=&#8221;on&#8221; make_equal=&#8221;off&#8221; use_custom_gutter=&#8221;off&#8221;][et_pb_fullwidth_header admin_label=&#8221;T\u00edtulo de anchura completa&#8221; title=&#8221;Quem somos&#8221; subhead=&#8221;Desde 1966 tradi\u00e7\u00e3o em qualidade.&#8221; background_layout=&#8221;light&#8221; text_orientation=&#8221;center&#8221; header_fullscreen=&#8221;off&#8221; header_scroll_down=&#8221;off&#8221; parallax=&#8221;off&#8221; parallax_method=&#8221;off&#8221; content_orientation=&#8221;center&#8221; image_orientation=&#8221;center&#8221; title_font_color=&#8221;#e79807&#8243; title_font=&#8221;|on|||&#8221; title_font_size=&#8221;60px&#8221; subhead_font_color=&#8221;#231f20&#8243; subhead_font=&#8221;Open Sans Light||on||&#8221; subhead_font_size=&#8221;24px&#8221; custom_button_one=&#8221;off&#8221; button_one_letter_spacing=&#8221;0&#8243; button_one_use_icon=&#8221;default&#8221; button_one_icon_placement=&#8221;right&#8221; button_one_on_hover=&#8221;on&#8221; button_one_letter_spacing_hover=&#8221;0&#8243; custom_button_two=&#8221;off&#8221; button_two_letter_spacing=&#8221;0&#8243; button_two_use_icon=&#8221;default&#8221; button_two_icon_placement=&#8221;right&#8221; button_two_on_hover=&#8221;on&#8221; button_two_letter_spacing_hover=&#8221;0&#8243; logo_image_url=&#8221;http:\/\/www.radire.com.ar\/wp-content\/uploads\/2016\/03\/line.png&#8221; module_id=&#8221;cabeceras&#8221;]<\/p>\n<p>[\/et_pb_fullwidth_header][\/et_pb_section][et_pb_section admin_label=&#8221;Secci\u00f3n&#8221; fullwidth=&#8221;off&#8221; specialty=&#8221;off&#8221;][et_pb_row admin_label=&#8221;row&#8221; make_fullwidth=&#8221;off&#8221; use_custom_width=&#8221;off&#8221; width_unit=&#8221;on&#8221; use_custom_gutter=&#8221;off&#8221; custom_padding=&#8221;0px||30px|&#8221; padding_mobile=&#8221;off&#8221; allow_player_pause=&#8221;off&#8221; parallax=&#8221;off&#8221; parallax_method=&#8221;off&#8221; make_equal=&#8221;off&#8221; parallax_1=&#8221;off&#8221; parallax_method_1=&#8221;off&#8221; column_padding_mobile=&#8221;on&#8221;][et_pb_column type=&#8221;4_4&#8243;][et_pb_divider admin_label=&#8221;Separador&#8221; color=&#8221;#e79807&#8243; show_divider=&#8221;on&#8221; divider_style=&#8221;solid&#8221; divider_position=&#8221;top&#8221; hide_on_mobile=&#8221;on&#8221;]<\/p>\n<p>[\/et_pb_divider][\/et_pb_column][\/et_pb_row][\/et_pb_section][et_pb_section admin_label=&#8221;section&#8221; transparent_background=&#8221;off&#8221; allow_player_pause=&#8221;off&#8221; inner_shadow=&#8221;off&#8221; parallax=&#8221;off&#8221; parallax_method=&#8221;off&#8221; custom_padding=&#8221;0px||0px|&#8221; padding_mobile=&#8221;on&#8221; make_fullwidth=&#8221;off&#8221; use_custom_width=&#8221;off&#8221; width_unit=&#8221;on&#8221; make_equal=&#8221;off&#8221; use_custom_gutter=&#8221;off&#8221;][et_pb_row admin_label=&#8221;Fila&#8221;][et_pb_column type=&#8221;2_3&#8243;][et_pb_text admin_label=&#8221;Texto&#8221; background_layout=&#8221;light&#8221; text_orientation=&#8221;left&#8221; use_border_color=&#8221;off&#8221; border_color=&#8221;#ffffff&#8221; border_style=&#8221;solid&#8221;]<\/p>\n<p style=\"text-align: justify;\"><strong>RADIRE S.R.L.<\/strong> conta com uma planta industrial em San Justo, prov\u00edncia de Buenos Aires, Argentina.<\/p>\n<p style=\"text-align: justify;\">Desde 1966 oferece a seus clientes uma gama completa de arruelas em materiais ferrosos, n\u00e3o ferrosos e isolantes; pe\u00e7as estampadas sobre desenhos espec\u00edficos, terminais met\u00e1licos para os contatos el\u00e9tricos e selos mec\u00e2nicos para a utiliza\u00e7\u00e3o nos blocos dos motores.<\/p>\n<p style=\"text-align: justify;\">A pol\u00edtica da <strong>RADIRE S.R.L.<\/strong> est\u00e1 baseada na qualidade como conceito fundamental para a evolu\u00e7\u00e3o de seus neg\u00f3cios aperfei\u00e7oando constantemente a linha de produtos.<\/p>\n<p style=\"text-align: justify;\">Contamos com um pessoal qualificado e um sistema de controle cont\u00ednuo; este \u00faltimo permite-lhe responder a objetivos claros, com rapidez e assist\u00eancia em cada consulta, garantindo a satisfa\u00e7\u00e3o plena das exig\u00eancias dos clientes.<\/p>\n<p>[\/et_pb_text][\/et_pb_column][et_pb_column type=&#8221;1_3&#8243;][et_pb_gallery admin_label=&#8221;Galer\u00eda&#8221; gallery_ids=&#8221;753,751,841,750,840,842,843,749&#8243; fullwidth=&#8221;on&#8221; show_title_and_caption=&#8221;off&#8221; show_pagination=&#8221;off&#8221; background_layout=&#8221;dark&#8221; auto=&#8221;on&#8221; hover_overlay_color=&#8221;rgba(255,255,255,0.9)&#8221; caption_all_caps=&#8221;off&#8221; use_border_color=&#8221;on&#8221; border_color=&#8221;#e79807&#8243; border_style=&#8221;solid&#8221; auto_speed=&#8221;3000&#8243; caption_text_color=&#8221;#fcfcfc&#8221; title_text_color=&#8221;#fcfcfc&#8221;]<\/p>\n<p>[\/et_pb_gallery][et_pb_text admin_label=&#8221;Texto&#8221; background_layout=&#8221;light&#8221; text_orientation=&#8221;left&#8221; use_border_color=&#8221;off&#8221; border_color=&#8221;#ffffff&#8221; border_style=&#8221;solid&#8221; module_id=&#8221;produ&#8221;]<\/p>\n<p><small>Clique na imagem para ver galeria completa<\/small><\/p>\n<p>[\/et_pb_text][\/et_pb_column][\/et_pb_row][\/et_pb_section]<\/p>\n","protected":false},"excerpt":{"rendered":"<p>RADIRE S.R.L. conta com uma planta industrial em San Justo, prov\u00edncia de Buenos Aires, Argentina. Desde 1966 oferece a seus clientes uma gama completa de arruelas em materiais ferrosos, n\u00e3o ferrosos e isolantes; pe\u00e7as estampadas sobre desenhos espec\u00edficos, terminais met\u00e1licos para os contatos el\u00e9tricos e selos mec\u00e2nicos para a utiliza\u00e7\u00e3o nos blocos dos motores. A [&hellip;]<\/p>\n","protected":false},"author":1,"featured_media":0,"parent":0,"menu_order":0,"comment_status":"closed","ping_status":"closed","template":"","meta":{"_et_pb_use_builder":"on","_et_pb_old_content":"","_et_gb_content_width":"","footnotes":""},"yoast_head":"<!-- This site is optimized with the Yoast SEO plugin v23.0 - https:\/\/yoast.com\/wordpress\/plugins\/seo\/ -->\n<title>Qui\u00e9nes somos - Radire<\/title>\n<meta name=\"robots\" content=\"index, follow, max-snippet:-1, max-image-preview:large, max-video-preview:-1\" \/>\n<link rel=\"canonical\" href=\"https:\/\/www.radire.com.ar\/quienes-somos\/\" \/>\n<meta property=\"og:locale\" content=\"pt_BR\" \/>\n<meta property=\"og:type\" content=\"article\" \/>\n<meta property=\"og:title\" content=\"Qui\u00e9nes somos - Radire\" \/>\n<meta property=\"og:description\" content=\"RADIRE S.R.L. conta com uma planta industrial em San Justo, prov\u00edncia de Buenos Aires, Argentina. Desde 1966 oferece a seus clientes uma gama completa de arruelas em materiais ferrosos, n\u00e3o ferrosos e isolantes; pe\u00e7as estampadas sobre desenhos espec\u00edficos, terminais met\u00e1licos para os contatos el\u00e9tricos e selos mec\u00e2nicos para a utiliza\u00e7\u00e3o nos blocos dos motores. A [&hellip;]\" \/>\n<meta property=\"og:url\" content=\"https:\/\/www.radire.com.ar\/quienes-somos\/\" \/>\n<meta property=\"og:site_name\" content=\"Radire\" \/>\n<meta property=\"article:modified_time\" content=\"2016-05-12T02:36:31+00:00\" \/>\n<meta name=\"twitter:card\" content=\"summary_large_image\" \/>\n<meta name=\"twitter:label1\" content=\"Est. tempo de leitura\" \/>\n\t<meta name=\"twitter:data1\" content=\"3 minutos\" \/>\n<script type=\"application\/ld+json\" class=\"yoast-schema-graph\">{\"@context\":\"https:\/\/schema.org\",\"@graph\":[{\"@type\":\"WebPage\",\"@id\":\"https:\/\/www.radire.com.ar\/quienes-somos\/\",\"url\":\"https:\/\/www.radire.com.ar\/quienes-somos\/\",\"name\":\"Qui\u00e9nes somos - Radire\",\"isPartOf\":{\"@id\":\"https:\/\/www.radire.com.ar\/#website\"},\"datePublished\":\"2016-03-13T00:45:44+00:00\",\"dateModified\":\"2016-05-12T02:36:31+00:00\",\"breadcrumb\":{\"@id\":\"https:\/\/www.radire.com.ar\/quienes-somos\/#breadcrumb\"},\"inLanguage\":\"pt-BR\",\"potentialAction\":[{\"@type\":\"ReadAction\",\"target\":[\"https:\/\/www.radire.com.ar\/quienes-somos\/\"]}]},{\"@type\":\"BreadcrumbList\",\"@id\":\"https:\/\/www.radire.com.ar\/quienes-somos\/#breadcrumb\",\"itemListElement\":[{\"@type\":\"ListItem\",\"position\":1,\"name\":\"Portada\",\"item\":\"https:\/\/www.radire.com.ar\/\"},{\"@type\":\"ListItem\",\"position\":2,\"name\":\"Qui\u00e9nes somos\"}]},{\"@type\":\"WebSite\",\"@id\":\"https:\/\/www.radire.com.ar\/#website\",\"url\":\"https:\/\/www.radire.com.ar\/\",\"name\":\"Radire\",\"description\":\"Especialidad en Arandelas\",\"publisher\":{\"@id\":\"https:\/\/www.radire.com.ar\/#organization\"},\"potentialAction\":[{\"@type\":\"SearchAction\",\"target\":{\"@type\":\"EntryPoint\",\"urlTemplate\":\"https:\/\/www.radire.com.ar\/?s={search_term_string}\"},\"query-input\":\"required name=search_term_string\"}],\"inLanguage\":\"pt-BR\"},{\"@type\":\"Organization\",\"@id\":\"https:\/\/www.radire.com.ar\/#organization\",\"name\":\"Radire\",\"url\":\"https:\/\/www.radire.com.ar\/\",\"logo\":{\"@type\":\"ImageObject\",\"inLanguage\":\"pt-BR\",\"@id\":\"https:\/\/www.radire.com.ar\/#\/schema\/logo\/image\/\",\"url\":\"http:\/\/www.radire.com.ar\/wp-content\/uploads\/2016\/03\/cropped-Radire-Icon.png\",\"contentUrl\":\"http:\/\/www.radire.com.ar\/wp-content\/uploads\/2016\/03\/cropped-Radire-Icon.png\",\"width\":512,\"height\":512,\"caption\":\"Radire\"},\"image\":{\"@id\":\"https:\/\/www.radire.com.ar\/#\/schema\/logo\/image\/\"}}]}<\/script>\n<!-- \/ Yoast SEO plugin. -->","yoast_head_json":{"title":"Qui\u00e9nes somos - Radire","robots":{"index":"index","follow":"follow","max-snippet":"max-snippet:-1","max-image-preview":"max-image-preview:large","max-video-preview":"max-video-preview:-1"},"canonical":"https:\/\/www.radire.com.ar\/quienes-somos\/","og_locale":"pt_BR","og_type":"article","og_title":"Qui\u00e9nes somos - Radire","og_description":"RADIRE S.R.L. conta com uma planta industrial em San Justo, prov\u00edncia de Buenos Aires, Argentina. Desde 1966 oferece a seus clientes uma gama completa de arruelas em materiais ferrosos, n\u00e3o ferrosos e isolantes; pe\u00e7as estampadas sobre desenhos espec\u00edficos, terminais met\u00e1licos para os contatos el\u00e9tricos e selos mec\u00e2nicos para a utiliza\u00e7\u00e3o nos blocos dos motores. A [&hellip;]","og_url":"https:\/\/www.radire.com.ar\/quienes-somos\/","og_site_name":"Radire","article_modified_time":"2016-05-12T02:36:31+00:00","twitter_card":"summary_large_image","twitter_misc":{"Est. tempo de leitura":"3 minutos"},"schema":{"@context":"https:\/\/schema.org","@graph":[{"@type":"WebPage","@id":"https:\/\/www.radire.com.ar\/quienes-somos\/","url":"https:\/\/www.radire.com.ar\/quienes-somos\/","name":"Qui\u00e9nes somos - Radire","isPartOf":{"@id":"https:\/\/www.radire.com.ar\/#website"},"datePublished":"2016-03-13T00:45:44+00:00","dateModified":"2016-05-12T02:36:31+00:00","breadcrumb":{"@id":"https:\/\/www.radire.com.ar\/quienes-somos\/#breadcrumb"},"inLanguage":"pt-BR","potentialAction":[{"@type":"ReadAction","target":["https:\/\/www.radire.com.ar\/quienes-somos\/"]}]},{"@type":"BreadcrumbList","@id":"https:\/\/www.radire.com.ar\/quienes-somos\/#breadcrumb","itemListElement":[{"@type":"ListItem","position":1,"name":"Portada","item":"https:\/\/www.radire.com.ar\/"},{"@type":"ListItem","position":2,"name":"Qui\u00e9nes somos"}]},{"@type":"WebSite","@id":"https:\/\/www.radire.com.ar\/#website","url":"https:\/\/www.radire.com.ar\/","name":"Radire","description":"Especialidad en Arandelas","publisher":{"@id":"https:\/\/www.radire.com.ar\/#organization"},"potentialAction":[{"@type":"SearchAction","target":{"@type":"EntryPoint","urlTemplate":"https:\/\/www.radire.com.ar\/?s={search_term_string}"},"query-input":"required name=search_term_string"}],"inLanguage":"pt-BR"},{"@type":"Organization","@id":"https:\/\/www.radire.com.ar\/#organization","name":"Radire","url":"https:\/\/www.radire.com.ar\/","logo":{"@type":"ImageObject","inLanguage":"pt-BR","@id":"https:\/\/www.radire.com.ar\/#\/schema\/logo\/image\/","url":"http:\/\/www.radire.com.ar\/wp-content\/uploads\/2016\/03\/cropped-Radire-Icon.png","contentUrl":"http:\/\/www.radire.com.ar\/wp-content\/uploads\/2016\/03\/cropped-Radire-Icon.png","width":512,"height":512,"caption":"Radire"},"image":{"@id":"https:\/\/www.radire.com.ar\/#\/schema\/logo\/image\/"}}]}},"_links":{"self":[{"href":"https:\/\/www.radire.com.ar\/pt-br\/wp-json\/wp\/v2\/pages\/391"}],"collection":[{"href":"https:\/\/www.radire.com.ar\/pt-br\/wp-json\/wp\/v2\/pages"}],"about":[{"href":"https:\/\/www.radire.com.ar\/pt-br\/wp-json\/wp\/v2\/types\/page"}],"author":[{"embeddable":true,"href":"https:\/\/www.radire.com.ar\/pt-br\/wp-json\/wp\/v2\/users\/1"}],"replies":[{"embeddable":true,"href":"https:\/\/www.radire.com.ar\/pt-br\/wp-json\/wp\/v2\/comments?post=391"}],"version-history":[{"count":6,"href":"https:\/\/www.radire.com.ar\/pt-br\/wp-json\/wp\/v2\/pages\/391\/revisions"}],"predecessor-version":[{"id":863,"href":"https:\/\/www.radire.com.ar\/pt-br\/wp-json\/wp\/v2\/pages\/391\/revisions\/863"}],"wp:attachment":[{"href":"https:\/\/www.radire.com.ar\/pt-br\/wp-json\/wp\/v2\/media?parent=391"}],"curies":[{"name":"wp","href":"https:\/\/api.w.org\/{rel}","templated":true}]}}