{"id":426,"date":"2016-03-13T22:00:45","date_gmt":"2016-03-13T22:00:45","guid":{"rendered":"http:\/\/www.radire.com.ar\/contacto\/?lang=pt-br"},"modified":"2016-11-16T15:28:17","modified_gmt":"2016-11-16T15:28:17","slug":"contacto","status":"publish","type":"page","link":"https:\/\/www.radire.com.ar\/pt-br\/contacto\/","title":{"rendered":"Contacto"},"content":{"rendered":"<p>[et_pb_section admin_label=&#8221;Secci\u00f3n&#8221; fullwidth=&#8221;on&#8221; specialty=&#8221;off&#8221; transparent_background=&#8221;off&#8221; allow_player_pause=&#8221;off&#8221; inner_shadow=&#8221;off&#8221; parallax=&#8221;off&#8221; parallax_method=&#8221;off&#8221; custom_padding=&#8221;0px||0px|&#8221; padding_mobile=&#8221;on&#8221; make_fullwidth=&#8221;off&#8221; use_custom_width=&#8221;off&#8221; width_unit=&#8221;on&#8221; make_equal=&#8221;off&#8221; use_custom_gutter=&#8221;off&#8221;][et_pb_fullwidth_header admin_label=&#8221;T\u00edtulo de anchura completa&#8221; title=&#8221;Contato&#8221; subhead=&#8221;Pode contactar-nos atrav\u00e9s dos seguintes meios&#8221; background_layout=&#8221;light&#8221; text_orientation=&#8221;center&#8221; header_fullscreen=&#8221;off&#8221; header_scroll_down=&#8221;off&#8221; parallax=&#8221;off&#8221; parallax_method=&#8221;off&#8221; content_orientation=&#8221;center&#8221; image_orientation=&#8221;center&#8221; title_font_color=&#8221;#e79807&#8243; title_font=&#8221;|on|||&#8221; title_font_size=&#8221;60px&#8221; subhead_font_color=&#8221;#231f20&#8243; subhead_font=&#8221;Open Sans Light||on||&#8221; subhead_font_size=&#8221;24px&#8221; custom_button_one=&#8221;off&#8221; button_one_letter_spacing=&#8221;0&#8243; button_one_use_icon=&#8221;default&#8221; button_one_icon_placement=&#8221;right&#8221; button_one_on_hover=&#8221;on&#8221; button_one_letter_spacing_hover=&#8221;0&#8243; custom_button_two=&#8221;off&#8221; button_two_letter_spacing=&#8221;0&#8243; button_two_use_icon=&#8221;default&#8221; button_two_icon_placement=&#8221;right&#8221; button_two_on_hover=&#8221;on&#8221; button_two_letter_spacing_hover=&#8221;0&#8243; logo_image_url=&#8221;http:\/\/www.radire.com.ar\/wp-content\/uploads\/2016\/03\/line.png&#8221; module_id=&#8221;cabeceras&#8221;] [\/et_pb_fullwidth_header][\/et_pb_section][et_pb_section admin_label=&#8221;Secci\u00f3n&#8221; fullwidth=&#8221;off&#8221; specialty=&#8221;off&#8221;][et_pb_row admin_label=&#8221;row&#8221; make_fullwidth=&#8221;off&#8221; use_custom_width=&#8221;off&#8221; width_unit=&#8221;on&#8221; use_custom_gutter=&#8221;off&#8221; custom_padding=&#8221;0px||30px|&#8221; padding_mobile=&#8221;off&#8221; allow_player_pause=&#8221;off&#8221; parallax=&#8221;off&#8221; parallax_method=&#8221;off&#8221; make_equal=&#8221;off&#8221; parallax_1=&#8221;off&#8221; parallax_method_1=&#8221;off&#8221; column_padding_mobile=&#8221;on&#8221;][et_pb_column type=&#8221;4_4&#8243;][et_pb_divider admin_label=&#8221;Separador&#8221; color=&#8221;#e79807&#8243; show_divider=&#8221;on&#8221; divider_style=&#8221;solid&#8221; divider_position=&#8221;top&#8221; hide_on_mobile=&#8221;on&#8221;] [\/et_pb_divider][\/et_pb_column][\/et_pb_row][\/et_pb_section][et_pb_section admin_label=&#8221;section&#8221; transparent_background=&#8221;off&#8221; allow_player_pause=&#8221;off&#8221; inner_shadow=&#8221;off&#8221; parallax=&#8221;off&#8221; parallax_method=&#8221;off&#8221; custom_padding=&#8221;0px||0px|&#8221; padding_mobile=&#8221;on&#8221; make_fullwidth=&#8221;off&#8221; use_custom_width=&#8221;off&#8221; width_unit=&#8221;on&#8221; make_equal=&#8221;off&#8221; use_custom_gutter=&#8221;off&#8221; module_id=&#8221;contacto-col&#8221;][et_pb_row admin_label=&#8221;Fila&#8221;][et_pb_column type=&#8221;1_3&#8243;][et_pb_text admin_label=&#8221;Texto&#8221; background_layout=&#8221;light&#8221; text_orientation=&#8221;left&#8221; use_border_color=&#8221;off&#8221; border_color=&#8221;#ffffff&#8221; border_style=&#8221;solid&#8221; module_id=&#8221;contact-nfo&#8221;]<\/p>\n<h3><strong>RADIRE S.R.L.<\/strong><\/h3>\n<ul>\n<li>Tel. Fax. : (5411) 4651-2489 \/ Tel. : (5411) 4484-9302<\/li>\n<li>Informa\u00e7\u00e3o: info@radire.com.ar<\/li>\n<li>Administra\u00e7\u00e3o: administra@radire.com.ar<\/li>\n<li>Gest\u00e3o da qualidade: calidad@radire.com.ar<\/li>\n<li>Com\u00e9rcio Exterior: comex@radire.com.ar<\/li>\n<\/ul>\n<p>[\/et_pb_text][\/et_pb_column][et_pb_column type=&#8221;2_3&#8243;][et_pb_contact_form admin_label=&#8221;Formulario de contacto&#8221; captcha=&#8221;on&#8221; title=&#8221;Preencha o formul\u00e1rio abaixo e entraremos em contato com voc\u00ea em breve&#8221; use_redirect=&#8221;off&#8221; success_message=&#8221;Su mensaje ha sido enviado con \u00e9xito.&#8221; input_border_radius=&#8221;0&#8243; use_border_color=&#8221;off&#8221; border_color=&#8221;#ffffff&#8221; border_style=&#8221;solid&#8221; custom_button=&#8221;off&#8221; button_letter_spacing=&#8221;0&#8243; button_use_icon=&#8221;default&#8221; button_icon_placement=&#8221;right&#8221; button_on_hover=&#8221;on&#8221; button_letter_spacing_hover=&#8221;0&#8243; email=&#8221;info@radire.com.ar&#8221; title_font_size=&#8221;18&#8243; title_line_height=&#8221;1.3em&#8221;] [et_pb_contact_field field_title=&#8221;Nome&#8221; field_type=&#8221;input&#8221; field_id=&#8221;Name&#8221; required_mark=&#8221;on&#8221; fullwidth_field=&#8221;off&#8221; form_field_font_select=&#8221;default&#8221; form_field_font=&#8221;||||&#8221; use_border_color=&#8221;off&#8221; border_style=&#8221;solid&#8221;][\/et_pb_contact_field][et_pb_contact_field field_title=&#8221;Endere\u00e7o de email&#8221; field_type=&#8221;email&#8221; field_id=&#8221;Email&#8221; required_mark=&#8221;on&#8221; fullwidth_field=&#8221;off&#8221; form_field_font_select=&#8221;default&#8221; form_field_font=&#8221;||||&#8221; use_border_color=&#8221;off&#8221; border_style=&#8221;solid&#8221;][\/et_pb_contact_field][et_pb_contact_field field_title=&#8221;Mensagem&#8221; field_type=&#8221;text&#8221; field_id=&#8221;Message&#8221; required_mark=&#8221;on&#8221; fullwidth_field=&#8221;on&#8221; form_field_font_select=&#8221;default&#8221; form_field_font=&#8221;||||&#8221; use_border_color=&#8221;off&#8221; border_style=&#8221;solid&#8221;][\/et_pb_contact_field] [\/et_pb_contact_form][\/et_pb_column][\/et_pb_row][\/et_pb_section]<\/p>\n","protected":false},"excerpt":{"rendered":"<p>RADIRE S.R.L. Tel. Fax. : (5411) 4651-2489 \/ Tel. : (5411) 4484-9302 Informa\u00e7\u00e3o: info@radire.com.ar Administra\u00e7\u00e3o: administra@radire.com.ar Gest\u00e3o da qualidade: calidad@radire.com.ar Com\u00e9rcio Exterior: comex@radire.com.ar<\/p>\n","protected":false},"author":1,"featured_media":0,"parent":0,"menu_order":0,"comment_status":"closed","ping_status":"closed","template":"","meta":{"_et_pb_use_builder":"on","_et_pb_old_content":"","_et_gb_content_width":"","footnotes":""},"yoast_head":"<!-- This site is optimized with the Yoast SEO plugin v23.0 - https:\/\/yoast.com\/wordpress\/plugins\/seo\/ -->\n<title>Contacto - Radire<\/title>\n<meta name=\"robots\" content=\"index, follow, max-snippet:-1, max-image-preview:large, max-video-preview:-1\" \/>\n<link rel=\"canonical\" href=\"https:\/\/www.radire.com.ar\/contacto\/\" \/>\n<meta property=\"og:locale\" content=\"pt_BR\" \/>\n<meta property=\"og:type\" content=\"article\" \/>\n<meta property=\"og:title\" content=\"Contacto - Radire\" \/>\n<meta property=\"og:description\" content=\"RADIRE S.R.L. Tel. Fax. : (5411) 4651-2489 \/ Tel. : (5411) 4484-9302 Informa\u00e7\u00e3o: info@radire.com.ar Administra\u00e7\u00e3o: administra@radire.com.ar Gest\u00e3o da qualidade: calidad@radire.com.ar Com\u00e9rcio Exterior: comex@radire.com.ar\" \/>\n<meta property=\"og:url\" content=\"https:\/\/www.radire.com.ar\/contacto\/\" \/>\n<meta property=\"og:site_name\" content=\"Radire\" \/>\n<meta property=\"article:modified_time\" content=\"2016-11-16T15:28:17+00:00\" \/>\n<meta name=\"twitter:card\" content=\"summary_large_image\" \/>\n<meta name=\"twitter:label1\" content=\"Est. tempo de leitura\" \/>\n\t<meta name=\"twitter:data1\" content=\"3 minutos\" \/>\n<script type=\"application\/ld+json\" class=\"yoast-schema-graph\">{\"@context\":\"https:\/\/schema.org\",\"@graph\":[{\"@type\":\"WebPage\",\"@id\":\"https:\/\/www.radire.com.ar\/contacto\/\",\"url\":\"https:\/\/www.radire.com.ar\/contacto\/\",\"name\":\"Contacto - Radire\",\"isPartOf\":{\"@id\":\"https:\/\/www.radire.com.ar\/#website\"},\"datePublished\":\"2016-03-13T22:00:45+00:00\",\"dateModified\":\"2016-11-16T15:28:17+00:00\",\"breadcrumb\":{\"@id\":\"https:\/\/www.radire.com.ar\/contacto\/#breadcrumb\"},\"inLanguage\":\"pt-BR\",\"potentialAction\":[{\"@type\":\"ReadAction\",\"target\":[\"https:\/\/www.radire.com.ar\/contacto\/\"]}]},{\"@type\":\"BreadcrumbList\",\"@id\":\"https:\/\/www.radire.com.ar\/contacto\/#breadcrumb\",\"itemListElement\":[{\"@type\":\"ListItem\",\"position\":1,\"name\":\"Portada\",\"item\":\"https:\/\/www.radire.com.ar\/\"},{\"@type\":\"ListItem\",\"position\":2,\"name\":\"Contacto\"}]},{\"@type\":\"WebSite\",\"@id\":\"https:\/\/www.radire.com.ar\/#website\",\"url\":\"https:\/\/www.radire.com.ar\/\",\"name\":\"Radire\",\"description\":\"Especialidad en Arandelas\",\"publisher\":{\"@id\":\"https:\/\/www.radire.com.ar\/#organization\"},\"potentialAction\":[{\"@type\":\"SearchAction\",\"target\":{\"@type\":\"EntryPoint\",\"urlTemplate\":\"https:\/\/www.radire.com.ar\/?s={search_term_string}\"},\"query-input\":\"required name=search_term_string\"}],\"inLanguage\":\"pt-BR\"},{\"@type\":\"Organization\",\"@id\":\"https:\/\/www.radire.com.ar\/#organization\",\"name\":\"Radire\",\"url\":\"https:\/\/www.radire.com.ar\/\",\"logo\":{\"@type\":\"ImageObject\",\"inLanguage\":\"pt-BR\",\"@id\":\"https:\/\/www.radire.com.ar\/#\/schema\/logo\/image\/\",\"url\":\"http:\/\/www.radire.com.ar\/wp-content\/uploads\/2016\/03\/cropped-Radire-Icon.png\",\"contentUrl\":\"http:\/\/www.radire.com.ar\/wp-content\/uploads\/2016\/03\/cropped-Radire-Icon.png\",\"width\":512,\"height\":512,\"caption\":\"Radire\"},\"image\":{\"@id\":\"https:\/\/www.radire.com.ar\/#\/schema\/logo\/image\/\"}}]}<\/script>\n<!-- \/ Yoast SEO plugin. -->","yoast_head_json":{"title":"Contacto - Radire","robots":{"index":"index","follow":"follow","max-snippet":"max-snippet:-1","max-image-preview":"max-image-preview:large","max-video-preview":"max-video-preview:-1"},"canonical":"https:\/\/www.radire.com.ar\/contacto\/","og_locale":"pt_BR","og_type":"article","og_title":"Contacto - Radire","og_description":"RADIRE S.R.L. Tel. Fax. : (5411) 4651-2489 \/ Tel. : (5411) 4484-9302 Informa\u00e7\u00e3o: info@radire.com.ar Administra\u00e7\u00e3o: administra@radire.com.ar Gest\u00e3o da qualidade: calidad@radire.com.ar Com\u00e9rcio Exterior: comex@radire.com.ar","og_url":"https:\/\/www.radire.com.ar\/contacto\/","og_site_name":"Radire","article_modified_time":"2016-11-16T15:28:17+00:00","twitter_card":"summary_large_image","twitter_misc":{"Est. tempo de leitura":"3 minutos"},"schema":{"@context":"https:\/\/schema.org","@graph":[{"@type":"WebPage","@id":"https:\/\/www.radire.com.ar\/contacto\/","url":"https:\/\/www.radire.com.ar\/contacto\/","name":"Contacto - Radire","isPartOf":{"@id":"https:\/\/www.radire.com.ar\/#website"},"datePublished":"2016-03-13T22:00:45+00:00","dateModified":"2016-11-16T15:28:17+00:00","breadcrumb":{"@id":"https:\/\/www.radire.com.ar\/contacto\/#breadcrumb"},"inLanguage":"pt-BR","potentialAction":[{"@type":"ReadAction","target":["https:\/\/www.radire.com.ar\/contacto\/"]}]},{"@type":"BreadcrumbList","@id":"https:\/\/www.radire.com.ar\/contacto\/#breadcrumb","itemListElement":[{"@type":"ListItem","position":1,"name":"Portada","item":"https:\/\/www.radire.com.ar\/"},{"@type":"ListItem","position":2,"name":"Contacto"}]},{"@type":"WebSite","@id":"https:\/\/www.radire.com.ar\/#website","url":"https:\/\/www.radire.com.ar\/","name":"Radire","description":"Especialidad en Arandelas","publisher":{"@id":"https:\/\/www.radire.com.ar\/#organization"},"potentialAction":[{"@type":"SearchAction","target":{"@type":"EntryPoint","urlTemplate":"https:\/\/www.radire.com.ar\/?s={search_term_string}"},"query-input":"required name=search_term_string"}],"inLanguage":"pt-BR"},{"@type":"Organization","@id":"https:\/\/www.radire.com.ar\/#organization","name":"Radire","url":"https:\/\/www.radire.com.ar\/","logo":{"@type":"ImageObject","inLanguage":"pt-BR","@id":"https:\/\/www.radire.com.ar\/#\/schema\/logo\/image\/","url":"http:\/\/www.radire.com.ar\/wp-content\/uploads\/2016\/03\/cropped-Radire-Icon.png","contentUrl":"http:\/\/www.radire.com.ar\/wp-content\/uploads\/2016\/03\/cropped-Radire-Icon.png","width":512,"height":512,"caption":"Radire"},"image":{"@id":"https:\/\/www.radire.com.ar\/#\/schema\/logo\/image\/"}}]}},"_links":{"self":[{"href":"https:\/\/www.radire.com.ar\/pt-br\/wp-json\/wp\/v2\/pages\/426"}],"collection":[{"href":"https:\/\/www.radire.com.ar\/pt-br\/wp-json\/wp\/v2\/pages"}],"about":[{"href":"https:\/\/www.radire.com.ar\/pt-br\/wp-json\/wp\/v2\/types\/page"}],"author":[{"embeddable":true,"href":"https:\/\/www.radire.com.ar\/pt-br\/wp-json\/wp\/v2\/users\/1"}],"replies":[{"embeddable":true,"href":"https:\/\/www.radire.com.ar\/pt-br\/wp-json\/wp\/v2\/comments?post=426"}],"version-history":[{"count":6,"href":"https:\/\/www.radire.com.ar\/pt-br\/wp-json\/wp\/v2\/pages\/426\/revisions"}],"predecessor-version":[{"id":886,"href":"https:\/\/www.radire.com.ar\/pt-br\/wp-json\/wp\/v2\/pages\/426\/revisions\/886"}],"wp:attachment":[{"href":"https:\/\/www.radire.com.ar\/pt-br\/wp-json\/wp\/v2\/media?parent=426"}],"curies":[{"name":"wp","href":"https:\/\/api.w.org\/{rel}","templated":true}]}}