{"id":457,"date":"2016-03-06T20:44:05","date_gmt":"2016-03-06T20:44:05","guid":{"rendered":"http:\/\/www.radire.com.ar\/home\/?lang=pt-br"},"modified":"2016-05-01T18:41:13","modified_gmt":"2016-05-01T18:41:13","slug":"home","status":"publish","type":"page","link":"https:\/\/www.radire.com.ar\/pt-br\/","title":{"rendered":"Home"},"content":{"rendered":"<p>[et_pb_section admin_label=&#8221;Secci\u00f3n&#8221; fullwidth=&#8221;on&#8221; specialty=&#8221;off&#8221; transparent_background=&#8221;off&#8221; allow_player_pause=&#8221;off&#8221; inner_shadow=&#8221;off&#8221; parallax=&#8221;off&#8221; parallax_method=&#8221;off&#8221; padding_mobile=&#8221;on&#8221; make_fullwidth=&#8221;off&#8221; use_custom_width=&#8221;off&#8221; width_unit=&#8221;on&#8221; make_equal=&#8221;off&#8221; use_custom_gutter=&#8221;off&#8221; custom_padding=&#8221;0px||0px|&#8221; disabled_on=&#8221;on|on|on&#8221; disabled=&#8221;on&#8221;][et_pb_fullwidth_slider admin_label=&#8221;Control deslizante de anchura completa&#8221; show_arrows=&#8221;on&#8221; show_pagination=&#8221;on&#8221; auto=&#8221;off&#8221; auto_ignore_hover=&#8221;off&#8221; parallax=&#8221;off&#8221; parallax_method=&#8221;off&#8221; remove_inner_shadow=&#8221;on&#8221; background_position=&#8221;default&#8221; background_size=&#8221;default&#8221; hide_content_on_mobile=&#8221;off&#8221; hide_cta_on_mobile=&#8221;off&#8221; show_image_video_mobile=&#8221;off&#8221; custom_button=&#8221;off&#8221; button_letter_spacing=&#8221;0&#8243; button_use_icon=&#8221;default&#8221; button_icon_placement=&#8221;right&#8221; button_on_hover=&#8221;on&#8221; button_letter_spacing_hover=&#8221;0&#8243; top_padding=&#8221;80px&#8221; bottom_padding=&#8221;80px&#8221; module_id=&#8221;slider-home&#8221;]<\/p>\n<p>[et_pb_slide heading=&#8221;Pe\u00e7as especiais&#8221; button_text=&#8221;Mais informa\u00e7\u00e3o&#8221; button_link=&#8221;http:\/\/www.radire.com.ar\/productos\/?lang=pt-br&#8221; background_image=&#8221;http:\/\/www.radire.com.ar\/wp-content\/uploads\/2016\/03\/slider1-2.jpg&#8221; background_position=&#8221;center_left&#8221; background_size=&#8221;initial&#8221; background_color=&#8221;#424242&#8243; use_bg_overlay=&#8221;off&#8221; use_text_overlay=&#8221;off&#8221; alignment=&#8221;center&#8221; background_layout=&#8221;light&#8221; allow_player_pause=&#8221;off&#8221; text_border_radius=&#8221;3&#8243; header_font_select=&#8221;default&#8221; header_font=&#8221;|on|||&#8221; body_font_select=&#8221;default&#8221; body_font=&#8221;||||&#8221; custom_button=&#8221;on&#8221; button_font_select=&#8221;default&#8221; button_font=&#8221;||||&#8221; button_use_icon=&#8221;default&#8221; button_icon_placement=&#8221;right&#8221; button_on_hover=&#8221;on&#8221; header_font_size=&#8221;52&#8243; header_font_size_tablet=&#8221;40&#8243; header_font_size_phone=&#8221;36&#8243; header_text_color=&#8221;#231f20&#8243; body_font_size=&#8221;18&#8243; body_font_size_tablet=&#8221;18&#8243; body_font_size_phone=&#8221;18&#8243; body_text_color=&#8221;#231f20&#8243; button_text_size=&#8221;18&#8243; button_text_size_tablet=&#8221;18&#8243; button_text_size_phone=&#8221;18&#8243; button_text_color=&#8221;#fcfcfc&#8221; button_bg_color=&#8221;#231f20&#8243; button_border_width=&#8221;0&#8243; button_icon_color=&#8221;#dd9933&#8243; header_font_size_last_edited=&#8221;on|phone&#8221;]<\/p>\n<p>Expertos em arruelas e pe\u00e7as estampadas.<\/p>\n<p>[\/et_pb_slide]<\/p>\n<p>[\/et_pb_fullwidth_slider][\/et_pb_section][et_pb_section admin_label=&#8221;Secci\u00f3n&#8221; fullwidth=&#8221;off&#8221; specialty=&#8221;off&#8221; transparent_background=&#8221;off&#8221; background_color=&#8221;#f4eff3&#8243; allow_player_pause=&#8221;off&#8221; inner_shadow=&#8221;off&#8221; parallax=&#8221;off&#8221; parallax_method=&#8221;off&#8221; padding_mobile=&#8221;off&#8221; make_fullwidth=&#8221;off&#8221; use_custom_width=&#8221;off&#8221; width_unit=&#8221;on&#8221; make_equal=&#8221;off&#8221; use_custom_gutter=&#8221;off&#8221; custom_padding=&#8221;0px||0px|&#8221; disabled_on=&#8221;on|on|&#8221; disabled=&#8221;off&#8221;][et_pb_row admin_label=&#8221;Fila&#8221; make_fullwidth=&#8221;off&#8221; use_custom_width=&#8221;off&#8221; width_unit=&#8221;on&#8221; use_custom_gutter=&#8221;off&#8221; custom_padding=&#8221;0px||0px|&#8221; padding_mobile=&#8221;off&#8221; allow_player_pause=&#8221;off&#8221; parallax=&#8221;off&#8221; parallax_method=&#8221;off&#8221; make_equal=&#8221;off&#8221; parallax_1=&#8221;off&#8221; parallax_method_1=&#8221;off&#8221; column_padding_mobile=&#8221;on&#8221; disabled_on=&#8221;off|off|&#8221; disabled=&#8221;off&#8221;][et_pb_column type=&#8221;4_4&#8243;][et_pb_code admin_label=&#8221;C\u00f3digo&#8221;][\/et_pb_code][\/et_pb_column][\/et_pb_row][\/et_pb_section][et_pb_section admin_label=&#8221;Secci\u00f3n&#8221; fullwidth=&#8221;on&#8221; specialty=&#8221;off&#8221; disabled_on=&#8221;||on&#8221; disabled=&#8221;off&#8221; transparent_background=&#8221;off&#8221; background_color=&#8221;#ffffff&#8221; allow_player_pause=&#8221;off&#8221; inner_shadow=&#8221;off&#8221; parallax=&#8221;off&#8221; parallax_method=&#8221;off&#8221; padding_mobile=&#8221;off&#8221; make_fullwidth=&#8221;off&#8221; use_custom_width=&#8221;off&#8221; width_unit=&#8221;on&#8221; make_equal=&#8221;off&#8221; use_custom_gutter=&#8221;off&#8221;][et_pb_fullwidth_image admin_label=&#8221;Imagen de anchura completa&#8221; src=&#8221;http:\/\/www.radire.com.ar\/wp-content\/uploads\/2016\/03\/bg-products-4.jpg&#8221; show_in_lightbox=&#8221;off&#8221; url_new_window=&#8221;off&#8221; use_overlay=&#8221;off&#8221; animation=&#8221;off&#8221; use_border_color=&#8221;off&#8221; border_color=&#8221;#ffffff&#8221; border_style=&#8221;solid&#8221;]<\/p>\n<p>[\/et_pb_fullwidth_image][\/et_pb_section][et_pb_section admin_label=&#8221;Secci\u00f3n&#8221; fullwidth=&#8221;off&#8221; specialty=&#8221;off&#8221; transparent_background=&#8221;off&#8221; allow_player_pause=&#8221;off&#8221; inner_shadow=&#8221;off&#8221; parallax=&#8221;off&#8221; parallax_method=&#8221;off&#8221; custom_padding=&#8221;65px||65px|&#8221; padding_mobile=&#8221;off&#8221; make_fullwidth=&#8221;off&#8221; use_custom_width=&#8221;off&#8221; width_unit=&#8221;on&#8221; make_equal=&#8221;off&#8221; use_custom_gutter=&#8221;off&#8221;][et_pb_row admin_label=&#8221;Fila&#8221;][et_pb_column type=&#8221;4_4&#8243;][et_pb_text admin_label=&#8221;Texto&#8221; background_layout=&#8221;light&#8221; text_orientation=&#8221;left&#8221; use_border_color=&#8221;off&#8221; border_color=&#8221;#ffffff&#8221; border_style=&#8221;solid&#8221; module_id=&#8221;home-quotes&#8221;]<\/p>\n<h1>RADIRE S.R.L.<\/h1>\n<p><img loading=\"lazy\" decoding=\"async\" class=\"alignnone wp-image-156 size-full\" src=\"http:\/\/www.radire.com.ar\/wp-content\/uploads\/2016\/03\/line2.png\" alt=\"\" width=\"58\" height=\"17\" \/><\/p>\n<p>A pol\u00edtica da RADIRE S.R.L. est\u00e1 baseada na <strong>qualidade<\/strong> como conceito fundamental para a <strong>evolu\u00e7\u00e3o de seus neg\u00f3cios<\/strong> aperfei\u00e7oando constantemente a linha de produtos.<\/p>\n<p>[\/et_pb_text][\/et_pb_column][\/et_pb_row][\/et_pb_section][et_pb_section admin_label=&#8221;Secci\u00f3n&#8221; fullwidth=&#8221;off&#8221; specialty=&#8221;off&#8221; transparent_background=&#8221;off&#8221; background_color=&#8221;#e7e8e8&#8243; allow_player_pause=&#8221;off&#8221; inner_shadow=&#8221;off&#8221; parallax=&#8221;off&#8221; parallax_method=&#8221;off&#8221; padding_mobile=&#8221;off&#8221; make_fullwidth=&#8221;off&#8221; use_custom_width=&#8221;off&#8221; width_unit=&#8221;on&#8221; make_equal=&#8221;off&#8221; use_custom_gutter=&#8221;off&#8221; module_id=&#8221;home-boxes&#8221;][et_pb_row admin_label=&#8221;Fila&#8221; make_fullwidth=&#8221;off&#8221; use_custom_width=&#8221;off&#8221; width_unit=&#8221;on&#8221; use_custom_gutter=&#8221;off&#8221; padding_mobile=&#8221;off&#8221; allow_player_pause=&#8221;off&#8221; parallax=&#8221;off&#8221; parallax_method=&#8221;off&#8221; make_equal=&#8221;off&#8221; parallax_1=&#8221;off&#8221; parallax_method_1=&#8221;off&#8221; background_color_1=&#8221;#ffffff&#8221; padding_top_1=&#8221;10px&#8221; padding_right_1=&#8221;10px&#8221; padding_bottom_1=&#8221;10px&#8221; padding_left_1=&#8221;10px&#8221; parallax_2=&#8221;off&#8221; parallax_method_2=&#8221;off&#8221; background_color_2=&#8221;#ffffff&#8221; padding_top_2=&#8221;10px&#8221; padding_right_2=&#8221;10px&#8221; padding_bottom_2=&#8221;10px&#8221; padding_left_2=&#8221;10px&#8221; parallax_3=&#8221;off&#8221; parallax_method_3=&#8221;off&#8221; background_color_3=&#8221;#ffffff&#8221; padding_top_3=&#8221;10px&#8221; padding_right_3=&#8221;10px&#8221; padding_bottom_3=&#8221;10px&#8221; padding_left_3=&#8221;10px&#8221; column_padding_mobile=&#8221;on&#8221;][et_pb_column type=&#8221;1_3&#8243;][et_pb_text admin_label=&#8221;Texto&#8221; background_layout=&#8221;light&#8221; text_orientation=&#8221;left&#8221; use_border_color=&#8221;off&#8221; border_color=&#8221;#ffffff&#8221; border_style=&#8221;solid&#8221; custom_margin=&#8221;||0px|&#8221;]<\/p>\n<h1>Produtos<\/h1>\n<p>[\/et_pb_text][et_pb_image admin_label=&#8221;Imagen&#8221; src=&#8221;http:\/\/www.radire.com.ar\/wp-content\/uploads\/2016\/03\/productos.png&#8221; show_in_lightbox=&#8221;off&#8221; url_new_window=&#8221;off&#8221; use_overlay=&#8221;off&#8221; animation=&#8221;fade_in&#8221; sticky=&#8221;off&#8221; align=&#8221;left&#8221; force_fullwidth=&#8221;off&#8221; always_center_on_mobile=&#8221;on&#8221; use_border_color=&#8221;on&#8221; border_color=&#8221;#e8e8e8&#8243; border_style=&#8221;solid&#8221; custom_margin=&#8221;||8px|&#8221;]<\/p>\n<p>[\/et_pb_image][et_pb_text admin_label=&#8221;Texto&#8221; background_layout=&#8221;light&#8221; text_orientation=&#8221;left&#8221; use_border_color=&#8221;off&#8221; border_color=&#8221;#ffffff&#8221; border_style=&#8221;solid&#8221; text_line_height=&#8221;1.5em&#8221;]<\/p>\n<p>Uma gama completa de arruelas em materiais ferrosos, n\u00e3o ferrosos e isolantes; pe\u00e7as estampadas sobre desenhos espec\u00edficos.<\/p>\n<p>[\/et_pb_text][et_pb_button admin_label=&#8221;Bot\u00f3n&#8221; button_url=&#8221;http:\/\/www.radire.com.ar\/productos\/?lang=pt-br&#8221; url_new_window=&#8221;off&#8221; button_text=&#8221;Exibir todos os produtos&#8221; button_alignment=&#8221;center&#8221; background_layout=&#8221;light&#8221; custom_button=&#8221;on&#8221; button_text_size=&#8221;14&#8243; button_bg_color=&#8221;#f3f7f7&#8243; button_border_width=&#8221;1&#8243; button_letter_spacing=&#8221;0&#8243; button_use_icon=&#8221;default&#8221; button_icon_placement=&#8221;right&#8221; button_on_hover=&#8221;on&#8221; button_letter_spacing_hover=&#8221;0&#8243; button_border_radius=&#8221;0&#8243; button_border_radius_hover=&#8221;0&#8243;]<\/p>\n<p>[\/et_pb_button][\/et_pb_column][et_pb_column type=&#8221;1_3&#8243;][et_pb_text admin_label=&#8221;Texto&#8221; background_layout=&#8221;light&#8221; text_orientation=&#8221;left&#8221; use_border_color=&#8221;off&#8221; border_color=&#8221;#ffffff&#8221; border_style=&#8221;solid&#8221; custom_margin=&#8221;||0px|&#8221;]<\/p>\n<h1>Quem somos<\/h1>\n<p>[\/et_pb_text][et_pb_image admin_label=&#8221;Imagen&#8221; src=&#8221;http:\/\/www.radire.com.ar\/wp-content\/uploads\/2016\/03\/quienes-1.jpg&#8221; show_in_lightbox=&#8221;off&#8221; url_new_window=&#8221;off&#8221; use_overlay=&#8221;off&#8221; animation=&#8221;fade_in&#8221; sticky=&#8221;off&#8221; align=&#8221;left&#8221; force_fullwidth=&#8221;off&#8221; always_center_on_mobile=&#8221;on&#8221; use_border_color=&#8221;on&#8221; border_color=&#8221;#e8e8e8&#8243; border_style=&#8221;solid&#8221; custom_margin=&#8221;||8px|&#8221;]<\/p>\n<p>[\/et_pb_image][et_pb_text admin_label=&#8221;Texto&#8221; background_layout=&#8221;light&#8221; text_orientation=&#8221;left&#8221; use_border_color=&#8221;off&#8221; border_color=&#8221;#ffffff&#8221; border_style=&#8221;solid&#8221; text_line_height=&#8221;1.5em&#8221;]<\/p>\n<p>A pol\u00edtica est\u00e1 baseada na qualidade como conceito fundamental para a evolu\u00e7\u00e3o de seus neg\u00f3cios aperfei\u00e7oando constantemente a linha de produtos.<\/p>\n<p>[\/et_pb_text][et_pb_button admin_label=&#8221;Bot\u00f3n&#8221; button_url=&#8221;http:\/\/www.radire.com.ar\/quienes-somos\/?lang=pt-br&#8221; url_new_window=&#8221;off&#8221; button_text=&#8221;Mais sobre n\u00f3s&#8221; button_alignment=&#8221;center&#8221; background_layout=&#8221;light&#8221; custom_button=&#8221;on&#8221; button_text_size=&#8221;14&#8243; button_bg_color=&#8221;#f3f7f7&#8243; button_border_width=&#8221;1&#8243; button_letter_spacing=&#8221;0&#8243; button_use_icon=&#8221;default&#8221; button_icon_placement=&#8221;right&#8221; button_on_hover=&#8221;on&#8221; button_letter_spacing_hover=&#8221;0&#8243; button_border_radius=&#8221;0&#8243; button_border_radius_hover=&#8221;0&#8243;]<\/p>\n<p>[\/et_pb_button][\/et_pb_column][et_pb_column type=&#8221;1_3&#8243;][et_pb_text admin_label=&#8221;Texto&#8221; background_layout=&#8221;light&#8221; text_orientation=&#8221;left&#8221; use_border_color=&#8221;off&#8221; border_color=&#8221;#ffffff&#8221; border_style=&#8221;solid&#8221; custom_margin=&#8221;||0px|&#8221;]<\/p>\n<h1>Certifica\u00e7\u00f5es<\/h1>\n<p>[\/et_pb_text][et_pb_image admin_label=&#8221;Imagen&#8221; src=&#8221;http:\/\/www.radire.com.ar\/wp-content\/uploads\/2016\/03\/columna3.png&#8221; show_in_lightbox=&#8221;off&#8221; url_new_window=&#8221;on&#8221; use_overlay=&#8221;off&#8221; animation=&#8221;fade_in&#8221; sticky=&#8221;off&#8221; align=&#8221;left&#8221; force_fullwidth=&#8221;off&#8221; always_center_on_mobile=&#8221;on&#8221; use_border_color=&#8221;on&#8221; border_color=&#8221;#e8e8e8&#8243; border_style=&#8221;solid&#8221; custom_margin=&#8221;||8px|&#8221; url=&#8221;http:\/\/www.radire.com.ar\/wp-content\/uploads\/2016\/03\/Certificado-2015-Radire-S.R.L..pdf&#8221;]<\/p>\n<p>[\/et_pb_image][et_pb_text admin_label=&#8221;Texto&#8221; background_layout=&#8221;light&#8221; text_orientation=&#8221;left&#8221; use_border_color=&#8221;off&#8221; border_color=&#8221;#ffffff&#8221; border_style=&#8221;solid&#8221; text_line_height=&#8221;1.5em&#8221;]<\/p>\n<p>No ano 2005 um caminho para a certifica\u00e7\u00e3o de normas ISO\/\u00a0TS 16949 atingindo assim uma maior inser\u00e7\u00e3o no mercado.<\/p>\n<p>[\/et_pb_text][et_pb_button admin_label=&#8221;Bot\u00f3n&#8221; button_url=&#8221;http:\/\/www.radire.com.ar\/wp-content\/uploads\/2016\/03\/Certificado-2015-Radire-S.R.L..pdf&#8221; url_new_window=&#8221;on&#8221; button_text=&#8221;Certifica\u00e7\u00f5es de download&#8221; button_alignment=&#8221;center&#8221; background_layout=&#8221;light&#8221; custom_button=&#8221;on&#8221; button_text_size=&#8221;14&#8243; button_bg_color=&#8221;#f3f7f7&#8243; button_border_width=&#8221;1&#8243; button_letter_spacing=&#8221;0&#8243; button_use_icon=&#8221;default&#8221; button_icon_placement=&#8221;right&#8221; button_on_hover=&#8221;on&#8221; button_letter_spacing_hover=&#8221;0&#8243; button_border_radius=&#8221;0&#8243; button_border_radius_hover=&#8221;0&#8243; button_icon=&#8221;%%38%%&#8221;]<\/p>\n<p>[\/et_pb_button][\/et_pb_column][\/et_pb_row][\/et_pb_section]<\/p>\n","protected":false},"excerpt":{"rendered":"<p>Expertos em arruelas e pe\u00e7as estampadas.  RADIRE S.R.L. A pol\u00edtica da RADIRE S.R.L. est\u00e1 baseada na qualidade como conceito fundamental para a evolu\u00e7\u00e3o de seus neg\u00f3cios aperfei\u00e7oando constantemente a linha de produtos. Produtos Uma gama completa de arruelas em materiais ferrosos, n\u00e3o ferrosos e isolantes; pe\u00e7as estampadas sobre desenhos espec\u00edficos. Quem somos A [&hellip;]<\/p>\n","protected":false},"author":1,"featured_media":0,"parent":0,"menu_order":0,"comment_status":"closed","ping_status":"closed","template":"","meta":{"_et_pb_use_builder":"on","_et_pb_old_content":"","_et_gb_content_width":"","footnotes":""},"yoast_head":"<!-- This site is optimized with the Yoast SEO plugin v23.0 - https:\/\/yoast.com\/wordpress\/plugins\/seo\/ -->\n<title>Home - Radire<\/title>\n<meta name=\"robots\" content=\"index, follow, max-snippet:-1, max-image-preview:large, max-video-preview:-1\" \/>\n<link rel=\"canonical\" href=\"https:\/\/www.radire.com.ar\/\" \/>\n<meta property=\"og:locale\" content=\"pt_BR\" \/>\n<meta property=\"og:type\" content=\"article\" \/>\n<meta property=\"og:title\" content=\"Home - Radire\" \/>\n<meta property=\"og:description\" content=\"Expertos em arruelas e pe\u00e7as estampadas. RADIRE S.R.L. A pol\u00edtica da RADIRE S.R.L. est\u00e1 baseada na qualidade como conceito fundamental para a evolu\u00e7\u00e3o de seus neg\u00f3cios aperfei\u00e7oando constantemente a linha de produtos. Produtos Uma gama completa de arruelas em materiais ferrosos, n\u00e3o ferrosos e isolantes; pe\u00e7as estampadas sobre desenhos espec\u00edficos. Quem somos A [&hellip;]\" \/>\n<meta property=\"og:url\" content=\"https:\/\/www.radire.com.ar\/\" \/>\n<meta property=\"og:site_name\" content=\"Radire\" \/>\n<meta property=\"article:modified_time\" content=\"2016-05-01T18:41:13+00:00\" \/>\n<meta property=\"og:image\" content=\"http:\/\/www.radire.com.ar\/wp-content\/uploads\/2016\/03\/line2.png\" \/>\n<meta name=\"twitter:card\" content=\"summary_large_image\" \/>\n<meta name=\"twitter:label1\" content=\"Est. tempo de leitura\" \/>\n\t<meta name=\"twitter:data1\" content=\"8 minutos\" \/>\n<script type=\"application\/ld+json\" class=\"yoast-schema-graph\">{\"@context\":\"https:\/\/schema.org\",\"@graph\":[{\"@type\":\"WebPage\",\"@id\":\"https:\/\/www.radire.com.ar\/\",\"url\":\"https:\/\/www.radire.com.ar\/\",\"name\":\"Home - Radire\",\"isPartOf\":{\"@id\":\"https:\/\/www.radire.com.ar\/#website\"},\"primaryImageOfPage\":{\"@id\":\"https:\/\/www.radire.com.ar\/#primaryimage\"},\"image\":{\"@id\":\"https:\/\/www.radire.com.ar\/#primaryimage\"},\"thumbnailUrl\":\"http:\/\/www.radire.com.ar\/wp-content\/uploads\/2016\/03\/line2.png\",\"datePublished\":\"2016-03-06T20:44:05+00:00\",\"dateModified\":\"2016-05-01T18:41:13+00:00\",\"breadcrumb\":{\"@id\":\"https:\/\/www.radire.com.ar\/#breadcrumb\"},\"inLanguage\":\"pt-BR\",\"potentialAction\":[{\"@type\":\"ReadAction\",\"target\":[\"https:\/\/www.radire.com.ar\/\"]}]},{\"@type\":\"ImageObject\",\"inLanguage\":\"pt-BR\",\"@id\":\"https:\/\/www.radire.com.ar\/#primaryimage\",\"url\":\"http:\/\/www.radire.com.ar\/wp-content\/uploads\/2016\/03\/line2.png\",\"contentUrl\":\"http:\/\/www.radire.com.ar\/wp-content\/uploads\/2016\/03\/line2.png\"},{\"@type\":\"BreadcrumbList\",\"@id\":\"https:\/\/www.radire.com.ar\/#breadcrumb\",\"itemListElement\":[{\"@type\":\"ListItem\",\"position\":1,\"name\":\"Portada\",\"item\":\"https:\/\/www.radire.com.ar\/\"},{\"@type\":\"ListItem\",\"position\":2,\"name\":\"Home\"}]},{\"@type\":\"WebSite\",\"@id\":\"https:\/\/www.radire.com.ar\/#website\",\"url\":\"https:\/\/www.radire.com.ar\/\",\"name\":\"Radire\",\"description\":\"Especialidad en Arandelas\",\"publisher\":{\"@id\":\"https:\/\/www.radire.com.ar\/#organization\"},\"potentialAction\":[{\"@type\":\"SearchAction\",\"target\":{\"@type\":\"EntryPoint\",\"urlTemplate\":\"https:\/\/www.radire.com.ar\/?s={search_term_string}\"},\"query-input\":\"required name=search_term_string\"}],\"inLanguage\":\"pt-BR\"},{\"@type\":\"Organization\",\"@id\":\"https:\/\/www.radire.com.ar\/#organization\",\"name\":\"Radire\",\"url\":\"https:\/\/www.radire.com.ar\/\",\"logo\":{\"@type\":\"ImageObject\",\"inLanguage\":\"pt-BR\",\"@id\":\"https:\/\/www.radire.com.ar\/#\/schema\/logo\/image\/\",\"url\":\"http:\/\/www.radire.com.ar\/wp-content\/uploads\/2016\/03\/cropped-Radire-Icon.png\",\"contentUrl\":\"http:\/\/www.radire.com.ar\/wp-content\/uploads\/2016\/03\/cropped-Radire-Icon.png\",\"width\":512,\"height\":512,\"caption\":\"Radire\"},\"image\":{\"@id\":\"https:\/\/www.radire.com.ar\/#\/schema\/logo\/image\/\"}}]}<\/script>\n<!-- \/ Yoast SEO plugin. -->","yoast_head_json":{"title":"Home - Radire","robots":{"index":"index","follow":"follow","max-snippet":"max-snippet:-1","max-image-preview":"max-image-preview:large","max-video-preview":"max-video-preview:-1"},"canonical":"https:\/\/www.radire.com.ar\/","og_locale":"pt_BR","og_type":"article","og_title":"Home - Radire","og_description":"Expertos em arruelas e pe\u00e7as estampadas. RADIRE S.R.L. A pol\u00edtica da RADIRE S.R.L. est\u00e1 baseada na qualidade como conceito fundamental para a evolu\u00e7\u00e3o de seus neg\u00f3cios aperfei\u00e7oando constantemente a linha de produtos. Produtos Uma gama completa de arruelas em materiais ferrosos, n\u00e3o ferrosos e isolantes; pe\u00e7as estampadas sobre desenhos espec\u00edficos. Quem somos A [&hellip;]","og_url":"https:\/\/www.radire.com.ar\/","og_site_name":"Radire","article_modified_time":"2016-05-01T18:41:13+00:00","og_image":[{"url":"http:\/\/www.radire.com.ar\/wp-content\/uploads\/2016\/03\/line2.png"}],"twitter_card":"summary_large_image","twitter_misc":{"Est. tempo de leitura":"8 minutos"},"schema":{"@context":"https:\/\/schema.org","@graph":[{"@type":"WebPage","@id":"https:\/\/www.radire.com.ar\/","url":"https:\/\/www.radire.com.ar\/","name":"Home - Radire","isPartOf":{"@id":"https:\/\/www.radire.com.ar\/#website"},"primaryImageOfPage":{"@id":"https:\/\/www.radire.com.ar\/#primaryimage"},"image":{"@id":"https:\/\/www.radire.com.ar\/#primaryimage"},"thumbnailUrl":"http:\/\/www.radire.com.ar\/wp-content\/uploads\/2016\/03\/line2.png","datePublished":"2016-03-06T20:44:05+00:00","dateModified":"2016-05-01T18:41:13+00:00","breadcrumb":{"@id":"https:\/\/www.radire.com.ar\/#breadcrumb"},"inLanguage":"pt-BR","potentialAction":[{"@type":"ReadAction","target":["https:\/\/www.radire.com.ar\/"]}]},{"@type":"ImageObject","inLanguage":"pt-BR","@id":"https:\/\/www.radire.com.ar\/#primaryimage","url":"http:\/\/www.radire.com.ar\/wp-content\/uploads\/2016\/03\/line2.png","contentUrl":"http:\/\/www.radire.com.ar\/wp-content\/uploads\/2016\/03\/line2.png"},{"@type":"BreadcrumbList","@id":"https:\/\/www.radire.com.ar\/#breadcrumb","itemListElement":[{"@type":"ListItem","position":1,"name":"Portada","item":"https:\/\/www.radire.com.ar\/"},{"@type":"ListItem","position":2,"name":"Home"}]},{"@type":"WebSite","@id":"https:\/\/www.radire.com.ar\/#website","url":"https:\/\/www.radire.com.ar\/","name":"Radire","description":"Especialidad en Arandelas","publisher":{"@id":"https:\/\/www.radire.com.ar\/#organization"},"potentialAction":[{"@type":"SearchAction","target":{"@type":"EntryPoint","urlTemplate":"https:\/\/www.radire.com.ar\/?s={search_term_string}"},"query-input":"required name=search_term_string"}],"inLanguage":"pt-BR"},{"@type":"Organization","@id":"https:\/\/www.radire.com.ar\/#organization","name":"Radire","url":"https:\/\/www.radire.com.ar\/","logo":{"@type":"ImageObject","inLanguage":"pt-BR","@id":"https:\/\/www.radire.com.ar\/#\/schema\/logo\/image\/","url":"http:\/\/www.radire.com.ar\/wp-content\/uploads\/2016\/03\/cropped-Radire-Icon.png","contentUrl":"http:\/\/www.radire.com.ar\/wp-content\/uploads\/2016\/03\/cropped-Radire-Icon.png","width":512,"height":512,"caption":"Radire"},"image":{"@id":"https:\/\/www.radire.com.ar\/#\/schema\/logo\/image\/"}}]}},"_links":{"self":[{"href":"https:\/\/www.radire.com.ar\/pt-br\/wp-json\/wp\/v2\/pages\/457"}],"collection":[{"href":"https:\/\/www.radire.com.ar\/pt-br\/wp-json\/wp\/v2\/pages"}],"about":[{"href":"https:\/\/www.radire.com.ar\/pt-br\/wp-json\/wp\/v2\/types\/page"}],"author":[{"embeddable":true,"href":"https:\/\/www.radire.com.ar\/pt-br\/wp-json\/wp\/v2\/users\/1"}],"replies":[{"embeddable":true,"href":"https:\/\/www.radire.com.ar\/pt-br\/wp-json\/wp\/v2\/comments?post=457"}],"version-history":[{"count":19,"href":"https:\/\/www.radire.com.ar\/pt-br\/wp-json\/wp\/v2\/pages\/457\/revisions"}],"predecessor-version":[{"id":807,"href":"https:\/\/www.radire.com.ar\/pt-br\/wp-json\/wp\/v2\/pages\/457\/revisions\/807"}],"wp:attachment":[{"href":"https:\/\/www.radire.com.ar\/pt-br\/wp-json\/wp\/v2\/media?parent=457"}],"curies":[{"name":"wp","href":"https:\/\/api.w.org\/{rel}","templated":true}]}}